{"id":3573,"date":"2017-01-16T14:36:51","date_gmt":"2017-01-16T13:36:51","guid":{"rendered":"https:\/\/demo.qantumthemes.xyz\/onair2\/demo3\/blog-slideshow\/"},"modified":"2017-01-16T14:36:51","modified_gmt":"2017-01-16T13:36:51","slug":"blog-slideshow","status":"publish","type":"page","link":"https:\/\/capital921.com\/?page_id=3573","title":{"rendered":"Blog with slideshow"},"content":{"rendered":"<p>[vc_row][vc_column]\t\t\n\t\t<div class=\"qt-slickslider-container\">\n\t\t\t<div class=\"qt-slickslider qt-invisible qt-animated qt-slickslider-single qt-black-bg\" data-variablewidth=\"true\" data-arrows=\"true\" data-dots=\"true\" data-infinite=\"true\" data-centermode=\"true\" data-pauseonhover=\"true\" data-autoplay=\"true\" data-arrowsmobile=\"false\" data-centermodemobile=\"true\" data-dotsmobile=\"true\" data-variablewidthmobile=\"true\">\n\t\t\t\t\t\t\t\t\t<div class=\"qt-slick-opacity-fx qt-item\">\n\t\t\t\t\t\t<!-- POST HERO ITEM ========================= -->\n<div class=\"qt-part-archive-item qt-part-item-post-hero\">\n\t<div class=\"qt-item-header\">\n\t\t<div class=\"qt-header-top\">\n\t\t\t<div class=\"qt-feedback\">\n\t    \t\t0<i class=\"dripicons-heart\"><\/i>\t    \t<\/div>\n\t    <\/div>\n\t\t<div class=\"qt-header-mid qt-vc\">\n\t\t\t<div class=\"qt-vi\">\n\t\t\t\t<ul class=\"qt-tags\">\n\t\t\t\t\t<li>\n\t\t\t\t\t\t<a href=\"https:\/\/capital921.com\/?cat=204\" rel=\"category\">Bot\u00eb<\/a><\/li><li><a href=\"https:\/\/capital921.com\/?cat=5\" rel=\"category\">Featured<\/a>\t\t\t\t\t<\/li>\n\t\t\t\t<\/ul>\n\t\t  \t\t<h2 class=\"qt-title\">\n\t\t\t\t\t<a href=\"https:\/\/capital921.com\/?p=5415\" class=\"qt-text-shadow qt-ellipsis-2 qt-t\">\n\t\t\t\t\t\tPse vendet urbane mbajn\u00eb t\u00eb nxeht\u00eb edhe gjat\u00eb nat\u00ebs\t\t\t\t\t<\/a>\n\t\t\t\t<\/h2>\n\t\t\t\t<div class=\"qt-the-content qt-spacer-s small hide-on-med-and-down \">\n\t\t\t\t\t<p class=\"qt-spacer-s qt-text-shadow small qt-ellipsis-2\">\n\t\t\t\t\tN\u00eb vendet rurale zakonisht pasi ik\u00eb dielli temperaturat fillojn\u00eb t\u00eb bien m\u00eb shpejt\u00eb sesa n\u00eb vendet urbane t\u00eb cilat jan\u00eb t\u00eb nd\u00ebrtuara me nd\u00ebrtesa t\u00eb larta. Sipas ekspert\u00ebve, kjo dukuri shpjegohet me materialin nd\u00ebrtimor q\u00eb akumulon t\u00eb nxeht\u00eb. Betoni \u00ebsht\u00eb i njohur me tipare akumuluese ku gjat\u00eb dit\u00ebs ngrohet, dhe pastaj gjat\u00eb nat\u00ebs rrezaton t\u00eb [&hellip;]\t\t\t\t\t<\/p>\n\t\t\t\t\t<p><a href=\"https:\/\/capital921.com\/?p=5415\" class=\"qt-btn qt-btn-l qt-btn-primary \"><i class=\"dripicons-align-justify\"><\/i><\/a><\/p>\n\t\t\t\t<\/div>\n\t\t\t<\/div>\n\t\t<\/div>\n\t\t\t        <div class=\"qt-header-bg\" data-bgimage=\"https:\/\/capital921.com\/wp-content\/uploads\/2023\/07\/heat-islands1.jpg\">\n\t            <img fetchpriority=\"high\" decoding=\"async\" width=\"600\" height=\"360\" src=\"https:\/\/capital921.com\/wp-content\/uploads\/2023\/07\/heat-islands1.jpg\" class=\"img-responsive activator wp-post-image\" alt=\"\" srcset=\"https:\/\/capital921.com\/wp-content\/uploads\/2023\/07\/heat-islands1.jpg 600w, https:\/\/capital921.com\/wp-content\/uploads\/2023\/07\/heat-islands1-300x180.jpg 300w\" sizes=\"(max-width: 600px) 100vw, 600px\" \/>\t        <\/div>\n     \t\t<\/div>\n<\/div>\n<!-- POST HERO ITEM END ========================= -->\n\t\t\t\t\t<\/div>\n\t\t\t\t\t\t\t\t<\/div>\n\t\t<\/div>\n\t\t[\/vc_column][\/vc_row]<\/p>\n","protected":false},"excerpt":{"rendered":"<p>[vc_row][vc_column][\/vc_column][\/vc_row]<\/p>\n","protected":false},"author":1,"featured_media":0,"parent":0,"menu_order":0,"comment_status":"closed","ping_status":"closed","template":"archive-no-sidebar.php","meta":{"om_disable_all_campaigns":false,"_monsterinsights_skip_tracking":false,"_monsterinsights_sitenote_active":false,"_monsterinsights_sitenote_note":"","_monsterinsights_sitenote_category":0,"footnotes":""},"class_list":["post-3573","page","type-page","status-publish","hentry"],"aioseo_notices":[],"_links":{"self":[{"href":"https:\/\/capital921.com\/index.php?rest_route=\/wp\/v2\/pages\/3573","targetHints":{"allow":["GET"]}}],"collection":[{"href":"https:\/\/capital921.com\/index.php?rest_route=\/wp\/v2\/pages"}],"about":[{"href":"https:\/\/capital921.com\/index.php?rest_route=\/wp\/v2\/types\/page"}],"author":[{"embeddable":true,"href":"https:\/\/capital921.com\/index.php?rest_route=\/wp\/v2\/users\/1"}],"replies":[{"embeddable":true,"href":"https:\/\/capital921.com\/index.php?rest_route=%2Fwp%2Fv2%2Fcomments&post=3573"}],"version-history":[{"count":0,"href":"https:\/\/capital921.com\/index.php?rest_route=\/wp\/v2\/pages\/3573\/revisions"}],"wp:attachment":[{"href":"https:\/\/capital921.com\/index.php?rest_route=%2Fwp%2Fv2%2Fmedia&parent=3573"}],"curies":[{"name":"wp","href":"https:\/\/api.w.org\/{rel}","templated":true}]}}